{"id":37,"date":"2025-02-07T01:55:43","date_gmt":"2025-02-07T01:55:43","guid":{"rendered":"http:\/\/170.106.183.124:8182\/?page_id=37"},"modified":"2025-06-17T02:28:52","modified_gmt":"2025-06-17T02:28:52","slug":"contact_us","status":"publish","type":"page","link":"https:\/\/beflooring.com\/fr\/contact_us\/","title":{"rendered":"Nous contacter"},"content":{"rendered":"<div class=\"path_bar\">\n        <div class=\"layout\">\n            <ul>\n                <li><a href=\"\/fr\/\">Accueil<\/a><\/li>\n                <!--\u9762\u5305\u5c51-->\n               <li><a href=\"\">Nous contacter<\/a><\/li>\n            <\/ul>\n        <\/div>\n    <\/div>\n\n\n\n<h1 class=\"wp-block-heading has-text-align-center layout\" style=\"font-size:30px\">Nous contacter<\/h1>\n\n\n\n<div id=\"icon-contact\" style=\"margin-top:35px\">\n        <div class=\"layout\">\n            <ul class=\"ic-list\">\n                \n                  \n              <li style=\"text-align:center;\">\n              <a href=\"mailto:manager@beflooring.com\"><img decoding=\"async\" src=\"\/wp-content\/uploads\/2025\/02\/email-fill-2.png\" class=\"social-icon\">\n             <h2>Courriel<\/h2>\n              <p>manager@beflooring.com<\/p><\/a>\n               <\/li>\n <li style=\"text-align:center;\">\n             <a href=\"https:\/\/wa.me\/8617753100577\" target=\"_blank\" rel=\"noopener\"><img decoding=\"async\" src=\"\/wp-content\/uploads\/2025\/02\/whatsapp-7.png\" class=\"social-icon\">\n              <h2>WhatsApp<\/h2>\n              <p>+86 17753100577<\/p><a>\n               <\/li>\n <li style=\"text-align:center;\">\n<a href=\"tel:8617753100577\" target=\"_blank\" rel=\"noopener\">\n           <img decoding=\"async\" src=\"\/wp-content\/uploads\/2025\/02\/phone-fill.png\" class=\"social-icon\">\n              <h2>T\u00e9l\u00e9phone<\/h2>\n               <p>+86 17753100577<\/p><\/a>\n           \n               <\/li>\n <li style=\"text-align:center;\">\n          <img decoding=\"async\" src=\"\/wp-content\/uploads\/2025\/02\/address-b.png\" class=\"social-icon\">\n              <h2>Adresse<\/h2>\n              <p>1907, num\u00e9ro 1, Hengda Wealth Center, Huaiyin District, Jinan City, Shandong, Chine.<\/p>\n               <\/li>\n\n            <\/ul>\n        <\/div>\n    <\/div>\n\n<style>\n\n.social-icon{\n\nwidth:60px;\nmargin-bottom: 15px;\n\n\n}\n@media screen and (min-width:981px){\n#icon-contact .ic-list{\ndisplay:flex;\njustify-content:space-between;\nlist-style:none!important\n}\n#icon-contact .ic-list li{\n\nwidth:25%;\nmargin-bottom:20px\n}\n\n}\n#icon-contact .ic-list li{\n\nmargin-bottom:20px\n}\n#icon-contact .ic-list li span{\nmargin-bottom: 20px;\nfont-size:55px;\nwidth:auto!important;\nheight:auto!important\n}\n#icon-contact .ic-list{\nlist-style:none!important\n}\n<\/style>\n\n\n\n<div class=\"contact-form\" style=\"margin:55px 0\">\n        <div class=\"layout\">\n             <div class=\"header_inquiry\"\n         style=\"display: flex; align-items: center; justify-content: center; height: 64vh; background-color: #f1f4f6; width: 100%;\">\n        <div id=\"header_inquiry-form\"\n             style=\"border:1px solid #bfbfbf; padding: 2em; padding-top:2.625em;width: 84%; background-color: #fff;\">\n            <div style=\"background-color: #013e5a; color: #fff; padding: 1em; border-radius: 5px; margin-bottom: 2em; text-align: center;\">\n                <h2 style=\"margin: 0; color: #fff;\">Laissez votre message<\/h2>\n            <\/div>\n            <form id=\"header_inquiry-form-content\" action=\"#\" method=\"post\" style=\"color: #666;\" data-trp-original-action=\"#\">\n                <input type=\"text\" name=\"title\" id=\"name\" placeholder=\"*Nom...\" required\n style=\"width: 100%; padding: 1em; margin-bottom: 1em; box-sizing: border-box;\">\n                <input type=\"email\" name=\"email\" id=\"email\"\n                       placeholder=\"*Email (Nous vous r\u00e9pondrons par email dans les 24 heures)\" required\n style=\"width: 100%; padding: 1em; margin-bottom: 1em; box-sizing: border-box;\">\n                <input type=\"text\" name=\"telephone\" id=\"phone\" placeholder=\"*T\u00e9l\u00e9phone\/WhatsApp\/WeChat (tr\u00e8s important)\"\n                       required style=\"width: 100%; padding: 1em; margin-bottom: 1em; box-sizing: border-box;\">\n                <textarea name=\"message\" id=\"details\" rows=\"4\"\n                          placeholder=\"Entrez les d\u00e9tails de l&#039;en-t\u00eate tels que la taille, la couleur, les mat\u00e9riaux, etc. et d&#039;autres exigences sp\u00e9cifiques pour recevoir un devis pr\u00e9cis.\"\n                          style=\"width: 100%; padding: 1em; margin-bottom: 1em; box-sizing: border-box;\"><\/textarea>\n                <button id=\"send_form\" type=\"submit\"\n                        style=\"background-color: #f28808; color: #fff; padding: 1em 1.5em; border: none; border-radius: 3px; cursor: pointer; width: 100%;\">\n                    Envoyer\n                <\/button>\n            <input type=\"hidden\" name=\"trp-form-language\" value=\"fr\"\/><\/form>\n        <\/div>\n    <\/div>\n    \n        <\/div>\n    <\/div>\n\n\n\n<style>\n@media screen and (max-width:981px){\n#icon-contact .ic-list li {\n   \n    width: 50%;\n    float: left;\n}\n\n\n\n}\n<\/style>","protected":false},"excerpt":{"rendered":"<p>Home Contact Us Contact Us Email manager@beflooring.com WhatsApp +86 17753100577 Phone +86 17753100577 Address 1907,Number 1,Hengda Wealth Center, Huaiyin District, Jinan City, Shandong, China.<\/p>","protected":false},"author":1,"featured_media":0,"parent":0,"menu_order":0,"comment_status":"closed","ping_status":"closed","template":"","meta":{"footnotes":""},"class_list":["post-37","page","type-page","status-publish","hentry"],"yoast_head":"<!-- This site is optimized with the Yoast SEO plugin v24.4 - https:\/\/yoast.com\/wordpress\/plugins\/seo\/ -->\n<title>Trusted Flooring Supplier -LUCKYFOREST FLOOR<\/title>\n<meta name=\"description\" content=\"LUCKYFOREST, a leading flooring supplier with years of experience in laminate and PVC flooring manufacturing. We provide reliable quality, customized solutions, and global service for residential and commercial clients.\" \/>\n<meta name=\"robots\" content=\"index, follow, max-snippet:-1, max-image-preview:large, max-video-preview:-1\" \/>\n<link rel=\"canonical\" href=\"https:\/\/beflooring.com\/fr\/contact_us\/\" \/>\n<meta property=\"og:locale\" content=\"fr_FR\" \/>\n<meta property=\"og:type\" content=\"article\" \/>\n<meta property=\"og:title\" content=\"Trusted Flooring Supplier -LUCKYFOREST FLOOR\" \/>\n<meta property=\"og:description\" content=\"LUCKYFOREST, a leading flooring supplier with years of experience in laminate and PVC flooring manufacturing. We provide reliable quality, customized solutions, and global service for residential and commercial clients.\" \/>\n<meta property=\"og:url\" content=\"https:\/\/beflooring.com\/fr\/contact_us\/\" \/>\n<meta property=\"og:site_name\" content=\"-LUCKYFOREST FLOOR\" \/>\n<meta property=\"article:publisher\" content=\"https:\/\/www.facebook.com\/LuckyForestFloor\/\" \/>\n<meta property=\"article:modified_time\" content=\"2025-06-17T02:28:52+00:00\" \/>\n<meta name=\"twitter:card\" content=\"summary_large_image\" \/>\n<meta name=\"twitter:label1\" content=\"Est. reading time\" \/>\n\t<meta name=\"twitter:data1\" content=\"1 minute\" \/>\n<script type=\"application\/ld+json\" class=\"yoast-schema-graph\">{\"@context\":\"https:\/\/schema.org\",\"@graph\":[{\"@type\":\"WebPage\",\"@id\":\"https:\/\/beflooring.com\/contact_us\/\",\"url\":\"https:\/\/beflooring.com\/contact_us\/\",\"name\":\"Trusted Flooring Supplier -LUCKYFOREST FLOOR\",\"isPartOf\":{\"@id\":\"https:\/\/beflooring.com\/#website\"},\"datePublished\":\"2025-02-07T01:55:43+00:00\",\"dateModified\":\"2025-06-17T02:28:52+00:00\",\"description\":\"LUCKYFOREST, a leading flooring supplier with years of experience in laminate and PVC flooring manufacturing. We provide reliable quality, customized solutions, and global service for residential and commercial clients.\",\"breadcrumb\":{\"@id\":\"https:\/\/beflooring.com\/contact_us\/#breadcrumb\"},\"inLanguage\":\"fr-FR\",\"potentialAction\":[{\"@type\":\"ReadAction\",\"target\":[\"https:\/\/beflooring.com\/contact_us\/\"]}]},{\"@type\":\"BreadcrumbList\",\"@id\":\"https:\/\/beflooring.com\/contact_us\/#breadcrumb\",\"itemListElement\":[{\"@type\":\"ListItem\",\"position\":1,\"name\":\"Home\",\"item\":\"https:\/\/beflooring.com\/\"},{\"@type\":\"ListItem\",\"position\":2,\"name\":\"Contact Us\"}]},{\"@type\":\"WebSite\",\"@id\":\"https:\/\/beflooring.com\/#website\",\"url\":\"https:\/\/beflooring.com\/\",\"name\":\"-LUCKYFOREST FLOOR\",\"description\":\"JINAN LUCKYFOREST DECORATION MATERIAL CO.,LTD\",\"publisher\":{\"@id\":\"https:\/\/beflooring.com\/#organization\"},\"potentialAction\":[{\"@type\":\"SearchAction\",\"target\":{\"@type\":\"EntryPoint\",\"urlTemplate\":\"https:\/\/beflooring.com\/?s={search_term_string}\"},\"query-input\":{\"@type\":\"PropertyValueSpecification\",\"valueRequired\":true,\"valueName\":\"search_term_string\"}}],\"inLanguage\":\"fr-FR\"},{\"@type\":\"Organization\",\"@id\":\"https:\/\/beflooring.com\/#organization\",\"name\":\"JINAN LUCKYFOREST DECORATION MATERIAL CO.,LTD\",\"url\":\"https:\/\/beflooring.com\/\",\"logo\":{\"@type\":\"ImageObject\",\"inLanguage\":\"fr-FR\",\"@id\":\"https:\/\/beflooring.com\/#\/schema\/logo\/image\/\",\"url\":\"https:\/\/beflooring.com\/wp-content\/uploads\/2025\/06\/cropped-logo-1-1.webp\",\"contentUrl\":\"https:\/\/beflooring.com\/wp-content\/uploads\/2025\/06\/cropped-logo-1-1.webp\",\"width\":96,\"height\":96,\"caption\":\"JINAN LUCKYFOREST DECORATION MATERIAL CO.,LTD\"},\"image\":{\"@id\":\"https:\/\/beflooring.com\/#\/schema\/logo\/image\/\"},\"sameAs\":[\"https:\/\/www.facebook.com\/LuckyForestFloor\/\"]}]}<\/script>\n<!-- \/ Yoast SEO plugin. -->","yoast_head_json":{"title":"Trusted Flooring Supplier -LUCKYFOREST FLOOR","description":"LUCKYFOREST, a leading flooring supplier with years of experience in laminate and PVC flooring manufacturing. We provide reliable quality, customized solutions, and global service for residential and commercial clients.","robots":{"index":"index","follow":"follow","max-snippet":"max-snippet:-1","max-image-preview":"max-image-preview:large","max-video-preview":"max-video-preview:-1"},"canonical":"https:\/\/beflooring.com\/fr\/contact_us\/","og_locale":"fr_FR","og_type":"article","og_title":"Trusted Flooring Supplier -LUCKYFOREST FLOOR","og_description":"LUCKYFOREST, a leading flooring supplier with years of experience in laminate and PVC flooring manufacturing. We provide reliable quality, customized solutions, and global service for residential and commercial clients.","og_url":"https:\/\/beflooring.com\/fr\/contact_us\/","og_site_name":"-LUCKYFOREST FLOOR","article_publisher":"https:\/\/www.facebook.com\/LuckyForestFloor\/","article_modified_time":"2025-06-17T02:28:52+00:00","twitter_card":"summary_large_image","twitter_misc":{"Est. reading time":"1 minute"},"schema":{"@context":"https:\/\/schema.org","@graph":[{"@type":"WebPage","@id":"https:\/\/beflooring.com\/contact_us\/","url":"https:\/\/beflooring.com\/contact_us\/","name":"Trusted Flooring Supplier -LUCKYFOREST FLOOR","isPartOf":{"@id":"https:\/\/beflooring.com\/#website"},"datePublished":"2025-02-07T01:55:43+00:00","dateModified":"2025-06-17T02:28:52+00:00","description":"LUCKYFOREST, a leading flooring supplier with years of experience in laminate and PVC flooring manufacturing. We provide reliable quality, customized solutions, and global service for residential and commercial clients.","breadcrumb":{"@id":"https:\/\/beflooring.com\/contact_us\/#breadcrumb"},"inLanguage":"fr-FR","potentialAction":[{"@type":"ReadAction","target":["https:\/\/beflooring.com\/contact_us\/"]}]},{"@type":"BreadcrumbList","@id":"https:\/\/beflooring.com\/contact_us\/#breadcrumb","itemListElement":[{"@type":"ListItem","position":1,"name":"Home","item":"https:\/\/beflooring.com\/"},{"@type":"ListItem","position":2,"name":"Contact Us"}]},{"@type":"WebSite","@id":"https:\/\/beflooring.com\/#website","url":"https:\/\/beflooring.com\/","name":"-LUCKYFOREST FLOOR","description":"JINAN LUCKYFOREST DECORATION MATERIAL CO.,LTD","publisher":{"@id":"https:\/\/beflooring.com\/#organization"},"potentialAction":[{"@type":"SearchAction","target":{"@type":"EntryPoint","urlTemplate":"https:\/\/beflooring.com\/?s={search_term_string}"},"query-input":{"@type":"PropertyValueSpecification","valueRequired":true,"valueName":"search_term_string"}}],"inLanguage":"fr-FR"},{"@type":"Organization","@id":"https:\/\/beflooring.com\/#organization","name":"JINAN LUCKYFOREST DECORATION MATERIAL CO.,LTD","url":"https:\/\/beflooring.com\/","logo":{"@type":"ImageObject","inLanguage":"fr-FR","@id":"https:\/\/beflooring.com\/#\/schema\/logo\/image\/","url":"https:\/\/beflooring.com\/wp-content\/uploads\/2025\/06\/cropped-logo-1-1.webp","contentUrl":"https:\/\/beflooring.com\/wp-content\/uploads\/2025\/06\/cropped-logo-1-1.webp","width":96,"height":96,"caption":"JINAN LUCKYFOREST DECORATION MATERIAL CO.,LTD"},"image":{"@id":"https:\/\/beflooring.com\/#\/schema\/logo\/image\/"},"sameAs":["https:\/\/www.facebook.com\/LuckyForestFloor\/"]}]}},"_links":{"self":[{"href":"https:\/\/beflooring.com\/fr\/wp-json\/wp\/v2\/pages\/37","targetHints":{"allow":["GET"]}}],"collection":[{"href":"https:\/\/beflooring.com\/fr\/wp-json\/wp\/v2\/pages"}],"about":[{"href":"https:\/\/beflooring.com\/fr\/wp-json\/wp\/v2\/types\/page"}],"author":[{"embeddable":true,"href":"https:\/\/beflooring.com\/fr\/wp-json\/wp\/v2\/users\/1"}],"replies":[{"embeddable":true,"href":"https:\/\/beflooring.com\/fr\/wp-json\/wp\/v2\/comments?post=37"}],"version-history":[{"count":44,"href":"https:\/\/beflooring.com\/fr\/wp-json\/wp\/v2\/pages\/37\/revisions"}],"predecessor-version":[{"id":3187,"href":"https:\/\/beflooring.com\/fr\/wp-json\/wp\/v2\/pages\/37\/revisions\/3187"}],"wp:attachment":[{"href":"https:\/\/beflooring.com\/fr\/wp-json\/wp\/v2\/media?parent=37"}],"curies":[{"name":"wp","href":"https:\/\/api.w.org\/{rel}","templated":true}]}}